{"id":33,"date":"2022-07-04T22:44:50","date_gmt":"2022-07-04T20:44:50","guid":{"rendered":"https:\/\/drk-marbach-ov.de\/?page_id=33"},"modified":"2024-07-08T00:13:37","modified_gmt":"2024-07-07T22:13:37","slug":"start","status":"publish","type":"page","link":"https:\/\/drk-marbach-ov.de\/","title":{"rendered":"Start"},"content":{"rendered":"\t\t<div data-elementor-type=\"wp-page\" data-elementor-id=\"33\" class=\"elementor elementor-33\">\n\t\t\t\t\t\t<section class=\"elementor-section elementor-top-section elementor-element elementor-element-282c957d elementor-section-full_width elementor-section-height-default elementor-section-height-default\" data-id=\"282c957d\" data-element_type=\"section\">\n\t\t\t\t\t\t<div class=\"elementor-container elementor-column-gap-default\">\n\t\t\t\t\t<div class=\"elementor-column elementor-col-100 elementor-top-column elementor-element elementor-element-18e4edf8\" data-id=\"18e4edf8\" data-element_type=\"column\">\n\t\t\t<div class=\"elementor-widget-wrap elementor-element-populated\">\n\t\t\t\t\t\t<div class=\"elementor-element elementor-element-45276a3d elementor-widget elementor-widget-slides\" data-id=\"45276a3d\" data-element_type=\"widget\" data-settings=\"{&quot;ekit_we_effect_on&quot;:&quot;none&quot;}\" data-widget_type=\"slides.default\">\n\t\t\t\t<div class=\"elementor-widget-container\">\n\t\t\t<style>\/*! elementor-pro - v3.19.0 - 29-01-2024 *\/\n.elementor-slides .swiper-slide-bg{background-size:cover;background-position:50%;background-repeat:no-repeat;min-width:100%;min-height:100%}.elementor-slides .swiper-slide-inner{background-repeat:no-repeat;background-position:50%;position:absolute;top:0;left:0;bottom:0;right:0;padding:50px;margin:auto}.elementor-slides .swiper-slide-inner,.elementor-slides .swiper-slide-inner:hover{color:#fff;display:flex}.elementor-slides .swiper-slide-inner .elementor-background-overlay{position:absolute;z-index:0;top:0;bottom:0;left:0;right:0}.elementor-slides .swiper-slide-inner .elementor-slide-content{position:relative;z-index:1;width:100%}.elementor-slides .swiper-slide-inner .elementor-slide-heading{font-size:35px;font-weight:700;line-height:1}.elementor-slides .swiper-slide-inner .elementor-slide-description{font-size:17px;line-height:1.4}.elementor-slides .swiper-slide-inner .elementor-slide-description:not(:last-child),.elementor-slides .swiper-slide-inner .elementor-slide-heading:not(:last-child){margin-bottom:30px}.elementor-slides .swiper-slide-inner .elementor-slide-button{border:2px solid #fff;color:#fff;background:transparent;display:inline-block}.elementor-slides .swiper-slide-inner .elementor-slide-button,.elementor-slides .swiper-slide-inner .elementor-slide-button:hover{background:transparent;color:inherit;text-decoration:none}.elementor--v-position-top .swiper-slide-inner{align-items:flex-start}.elementor--v-position-bottom .swiper-slide-inner{align-items:flex-end}.elementor--v-position-middle .swiper-slide-inner{align-items:center}.elementor--h-position-left .swiper-slide-inner{justify-content:flex-start}.elementor--h-position-right .swiper-slide-inner{justify-content:flex-end}.elementor--h-position-center .swiper-slide-inner{justify-content:center}body.rtl .elementor-widget-slides .elementor-swiper-button-next{left:10px;right:auto}body.rtl .elementor-widget-slides .elementor-swiper-button-prev{right:10px;left:auto}.elementor-slides-wrapper div:not(.swiper-slide)>.swiper-slide-inner{display:none}@media (max-width:767px){.elementor-slides .swiper-slide-inner{padding:30px}.elementor-slides .swiper-slide-inner .elementor-slide-heading{font-size:23px;line-height:1;margin-bottom:15px}.elementor-slides .swiper-slide-inner .elementor-slide-description{font-size:13px;line-height:1.4;margin-bottom:15px}}<\/style> \t\t<\/div>\n\t\t\t\t<\/div>\n\t\t\t\t\t<\/div>\n\t\t<\/div>\n\t\t\t\t\t<\/div>\n\t\t<\/section>\n\t\t\t\t<section class=\"elementor-section elementor-top-section elementor-element elementor-element-79260a66 elementor-section-boxed elementor-section-height-default elementor-section-height-default\" data-id=\"79260a66\" data-element_type=\"section\">\n\t\t\t\t\t\t<div class=\"elementor-container elementor-column-gap-default\">\n\t\t\t\t\t<div class=\"elementor-column elementor-col-100 elementor-top-column elementor-element elementor-element-1f796c20\" data-id=\"1f796c20\" data-element_type=\"column\">\n\t\t\t<div class=\"elementor-widget-wrap elementor-element-populated\">\n\t\t\t\t\t\t<div class=\"elementor-element elementor-element-84960ac elementor-widget elementor-widget-spacer\" data-id=\"84960ac\" data-element_type=\"widget\" data-settings=\"{&quot;ekit_we_effect_on&quot;:&quot;none&quot;}\" data-widget_type=\"spacer.default\">\n\t\t\t\t<div class=\"elementor-widget-container\">\n\t\t\t<style>\/*! elementor - v3.19.0 - 29-01-2024 *\/\n.elementor-column .elementor-spacer-inner{height:var(--spacer-size)}.e-con{--container-widget-width:100%}.e-con-inner>.elementor-widget-spacer,.e-con>.elementor-widget-spacer{width:var(--container-widget-width,var(--spacer-size));--align-self:var(--container-widget-align-self,initial);--flex-shrink:0}.e-con-inner>.elementor-widget-spacer>.elementor-widget-container,.e-con>.elementor-widget-spacer>.elementor-widget-container{height:100%;width:100%}.e-con-inner>.elementor-widget-spacer>.elementor-widget-container>.elementor-spacer,.e-con>.elementor-widget-spacer>.elementor-widget-container>.elementor-spacer{height:100%}.e-con-inner>.elementor-widget-spacer>.elementor-widget-container>.elementor-spacer>.elementor-spacer-inner,.e-con>.elementor-widget-spacer>.elementor-widget-container>.elementor-spacer>.elementor-spacer-inner{height:var(--container-widget-height,var(--spacer-size))}.e-con-inner>.elementor-widget-spacer.elementor-widget-empty,.e-con>.elementor-widget-spacer.elementor-widget-empty{position:relative;min-height:22px;min-width:22px}.e-con-inner>.elementor-widget-spacer.elementor-widget-empty .elementor-widget-empty-icon,.e-con>.elementor-widget-spacer.elementor-widget-empty .elementor-widget-empty-icon{position:absolute;top:0;bottom:0;left:0;right:0;margin:auto;padding:0;width:22px;height:22px}<\/style>\t\t<div class=\"elementor-spacer\">\n\t\t\t<div class=\"elementor-spacer-inner\"><\/div>\n\t\t<\/div>\n\t\t\t\t<\/div>\n\t\t\t\t<\/div>\n\t\t\t\t<div class=\"elementor-element elementor-element-2b27f0c5 elementor-widget elementor-widget-heading\" data-id=\"2b27f0c5\" data-element_type=\"widget\" data-settings=\"{&quot;ekit_we_effect_on&quot;:&quot;none&quot;}\" data-widget_type=\"heading.default\">\n\t\t\t\t<div class=\"elementor-widget-container\">\n\t\t\t<style>\/*! elementor - v3.19.0 - 29-01-2024 *\/\n.elementor-heading-title{padding:0;margin:0;line-height:1}.elementor-widget-heading .elementor-heading-title[class*=elementor-size-]>a{color:inherit;font-size:inherit;line-height:inherit}.elementor-widget-heading .elementor-heading-title.elementor-size-small{font-size:15px}.elementor-widget-heading .elementor-heading-title.elementor-size-medium{font-size:19px}.elementor-widget-heading .elementor-heading-title.elementor-size-large{font-size:29px}.elementor-widget-heading .elementor-heading-title.elementor-size-xl{font-size:39px}.elementor-widget-heading .elementor-heading-title.elementor-size-xxl{font-size:59px}<\/style><h1 class=\"elementor-heading-title elementor-size-default\">Herzlich Willkommen beim DRK-Ortsverein Marbach am Neckar!<\/h1>\t\t<\/div>\n\t\t\t\t<\/div>\n\t\t\t\t<div class=\"elementor-element elementor-element-39ca3898 elementor-widget elementor-widget-text-editor\" data-id=\"39ca3898\" data-element_type=\"widget\" data-settings=\"{&quot;ekit_we_effect_on&quot;:&quot;none&quot;}\" data-widget_type=\"text-editor.default\">\n\t\t\t\t<div class=\"elementor-widget-container\">\n\t\t\t<style>\/*! elementor - v3.19.0 - 29-01-2024 *\/\n.elementor-widget-text-editor.elementor-drop-cap-view-stacked .elementor-drop-cap{background-color:#69727d;color:#fff}.elementor-widget-text-editor.elementor-drop-cap-view-framed .elementor-drop-cap{color:#69727d;border:3px solid;background-color:transparent}.elementor-widget-text-editor:not(.elementor-drop-cap-view-default) .elementor-drop-cap{margin-top:8px}.elementor-widget-text-editor:not(.elementor-drop-cap-view-default) .elementor-drop-cap-letter{width:1em;height:1em}.elementor-widget-text-editor .elementor-drop-cap{float:left;text-align:center;line-height:1;font-size:50px}.elementor-widget-text-editor .elementor-drop-cap-letter{display:inline-block}<\/style>\t\t\t\t<p>Der DRK-Ortsverein Marbach am Neckar hat eine lange Tradition. Schon seit 1947 engagieren sich Menschen in und um Marbach am Neckar f\u00fcr das Deutsche Rote Kreuz. Derzeit z\u00e4hlt unser Ortsverein \u00fcber 300 Mitglieder. Davon geh\u00f6ren 12 zu den aktiven Helfern und runde 300 zu den F\u00f6rderern. Wir engagieren uns vor allem im sozialen Bereich, im Sanit\u00e4tsdienst sowie in der humanit\u00e4ren Hilfe und im Katastrophenschutz.<\/p>\t\t\t\t\t\t<\/div>\n\t\t\t\t<\/div>\n\t\t\t\t<div class=\"elementor-element elementor-element-b8bb2d1 elementor-widget elementor-widget-spacer\" data-id=\"b8bb2d1\" data-element_type=\"widget\" data-settings=\"{&quot;ekit_we_effect_on&quot;:&quot;none&quot;}\" data-widget_type=\"spacer.default\">\n\t\t\t\t<div class=\"elementor-widget-container\">\n\t\t\t\t\t<div class=\"elementor-spacer\">\n\t\t\t<div class=\"elementor-spacer-inner\"><\/div>\n\t\t<\/div>\n\t\t\t\t<\/div>\n\t\t\t\t<\/div>\n\t\t\t\t\t<\/div>\n\t\t<\/div>\n\t\t\t\t\t<\/div>\n\t\t<\/section>\n\t\t\t\t<section class=\"elementor-section elementor-top-section elementor-element elementor-element-008e1af elementor-section-boxed elementor-section-height-default elementor-section-height-default\" data-id=\"008e1af\" data-element_type=\"section\">\n\t\t\t\t\t\t<div class=\"elementor-container elementor-column-gap-default\">\n\t\t\t\t\t<div class=\"elementor-column elementor-col-33 elementor-top-column elementor-element elementor-element-44a462a\" data-id=\"44a462a\" data-element_type=\"column\">\n\t\t\t<div class=\"elementor-widget-wrap elementor-element-populated\">\n\t\t\t\t\t\t<div class=\"elementor-element elementor-element-508be6b elementor-position-top elementor-widget elementor-widget-image-box\" data-id=\"508be6b\" data-element_type=\"widget\" data-settings=\"{&quot;ekit_adv_tooltip_content&quot;:&quot;Foto: A. Zelck | DRK-Service GmbH&quot;,&quot;ekit_adv_tooltip_enable&quot;:&quot;yes&quot;,&quot;ekit_adv_tooltip_offset_x&quot;:80,&quot;ekit_we_effect_on&quot;:&quot;none&quot;,&quot;ekit_adv_tooltip_image&quot;:{&quot;url&quot;:&quot;&quot;,&quot;id&quot;:&quot;&quot;,&quot;size&quot;:&quot;&quot;},&quot;ekit_adv_tooltip_position&quot;:&quot;top&quot;,&quot;ekit_adv_tooltip_animation&quot;:&quot;fade&quot;,&quot;ekit_adv_tooltip_trigger&quot;:&quot;mouseenter&quot;,&quot;ekit_adv_tooltip_width&quot;:{&quot;unit&quot;:&quot;px&quot;,&quot;size&quot;:&quot;&quot;,&quot;sizes&quot;:[]}}\" data-widget_type=\"image-box.default\">\n\t\t\t\t<div class=\"elementor-widget-container\">\n\t\t\t<style>\/*! elementor - v3.19.0 - 29-01-2024 *\/\n.elementor-widget-image-box .elementor-image-box-content{width:100%}@media (min-width:768px){.elementor-widget-image-box.elementor-position-left .elementor-image-box-wrapper,.elementor-widget-image-box.elementor-position-right .elementor-image-box-wrapper{display:flex}.elementor-widget-image-box.elementor-position-right .elementor-image-box-wrapper{text-align:right;flex-direction:row-reverse}.elementor-widget-image-box.elementor-position-left .elementor-image-box-wrapper{text-align:left;flex-direction:row}.elementor-widget-image-box.elementor-position-top .elementor-image-box-img{margin:auto}.elementor-widget-image-box.elementor-vertical-align-top .elementor-image-box-wrapper{align-items:flex-start}.elementor-widget-image-box.elementor-vertical-align-middle .elementor-image-box-wrapper{align-items:center}.elementor-widget-image-box.elementor-vertical-align-bottom .elementor-image-box-wrapper{align-items:flex-end}}@media (max-width:767px){.elementor-widget-image-box .elementor-image-box-img{margin-left:auto!important;margin-right:auto!important;margin-bottom:15px}}.elementor-widget-image-box .elementor-image-box-img{display:inline-block}.elementor-widget-image-box .elementor-image-box-title a{color:inherit}.elementor-widget-image-box .elementor-image-box-wrapper{text-align:center}.elementor-widget-image-box .elementor-image-box-description{margin:0}<\/style><div class=\"elementor-image-box-wrapper\"><figure class=\"elementor-image-box-img\"><a href=\"https:\/\/drk-marbach-ov.de\/?page_id=37\" tabindex=\"-1\"><img fetchpriority=\"high\" decoding=\"async\" width=\"2560\" height=\"1707\" src=\"https:\/\/drk-marbach-ov.de\/wp-content\/uploads\/2022\/08\/31723_Zelck_-_Fanmeile_2018_LV-Berlin__066_-scaled.jpg\" class=\"attachment-full size-full wp-image-239\" alt=\"\" srcset=\"https:\/\/drk-marbach-ov.de\/wp-content\/uploads\/2022\/08\/31723_Zelck_-_Fanmeile_2018_LV-Berlin__066_-scaled.jpg 2560w, https:\/\/drk-marbach-ov.de\/wp-content\/uploads\/2022\/08\/31723_Zelck_-_Fanmeile_2018_LV-Berlin__066_-300x200.jpg 300w, https:\/\/drk-marbach-ov.de\/wp-content\/uploads\/2022\/08\/31723_Zelck_-_Fanmeile_2018_LV-Berlin__066_-1024x683.jpg 1024w, https:\/\/drk-marbach-ov.de\/wp-content\/uploads\/2022\/08\/31723_Zelck_-_Fanmeile_2018_LV-Berlin__066_-768x512.jpg 768w, https:\/\/drk-marbach-ov.de\/wp-content\/uploads\/2022\/08\/31723_Zelck_-_Fanmeile_2018_LV-Berlin__066_-1536x1024.jpg 1536w, https:\/\/drk-marbach-ov.de\/wp-content\/uploads\/2022\/08\/31723_Zelck_-_Fanmeile_2018_LV-Berlin__066_-2048x1365.jpg 2048w\" sizes=\"(max-width: 2560px) 100vw, 2560px\" \/><\/a><\/figure><div class=\"elementor-image-box-content\"><h4 class=\"elementor-image-box-title\"><a href=\"https:\/\/drk-marbach-ov.de\/?page_id=37\">Sanit\u00e4tsdienst<\/a><\/h4><p class=\"elementor-image-box-description\">Ob Rockkonzert oder Stra\u00dfenfest: Wo viele Menschen sind, gibt es kleine und gr\u00f6\u00dfere Notf\u00e4lle. Der Sanit\u00e4tsdienst hilft.\n<\/br><\/br>\n<\/style><a href=\"\/?page_id=37\" style=\"color: #698caf\">> Weiterlesen<\/a><\/p><\/div><\/div>\t\t<\/div>\n\t\t\t\t<\/div>\n\t\t\t\t\t<\/div>\n\t\t<\/div>\n\t\t\t\t<div class=\"elementor-column elementor-col-33 elementor-top-column elementor-element elementor-element-f99017e\" data-id=\"f99017e\" data-element_type=\"column\">\n\t\t\t<div class=\"elementor-widget-wrap elementor-element-populated\">\n\t\t\t\t\t\t<div class=\"elementor-element elementor-element-4222675 elementor-position-top elementor-widget elementor-widget-image-box\" data-id=\"4222675\" data-element_type=\"widget\" data-settings=\"{&quot;ekit_adv_tooltip_content&quot;:&quot;Foto: A. Zelck | DRK-Service GmbH&quot;,&quot;ekit_adv_tooltip_enable&quot;:&quot;yes&quot;,&quot;ekit_adv_tooltip_offset_x&quot;:80,&quot;ekit_we_effect_on&quot;:&quot;none&quot;,&quot;ekit_adv_tooltip_image&quot;:{&quot;url&quot;:&quot;&quot;,&quot;id&quot;:&quot;&quot;,&quot;size&quot;:&quot;&quot;},&quot;ekit_adv_tooltip_position&quot;:&quot;top&quot;,&quot;ekit_adv_tooltip_animation&quot;:&quot;fade&quot;,&quot;ekit_adv_tooltip_trigger&quot;:&quot;mouseenter&quot;,&quot;ekit_adv_tooltip_width&quot;:{&quot;unit&quot;:&quot;px&quot;,&quot;size&quot;:&quot;&quot;,&quot;sizes&quot;:[]}}\" data-widget_type=\"image-box.default\">\n\t\t\t\t<div class=\"elementor-widget-container\">\n\t\t\t<div class=\"elementor-image-box-wrapper\"><figure class=\"elementor-image-box-img\"><a href=\"https:\/\/drk-marbach-ov.de\/?page_id=318\" tabindex=\"-1\"><img decoding=\"async\" width=\"1772\" height=\"1181\" src=\"https:\/\/drk-marbach-ov.de\/wp-content\/uploads\/2023\/01\/Zelck-Kurse-EH-Koeln2-QF.jpg\" class=\"attachment-full size-full wp-image-632\" alt=\"\" srcset=\"https:\/\/drk-marbach-ov.de\/wp-content\/uploads\/2023\/01\/Zelck-Kurse-EH-Koeln2-QF.jpg 1772w, https:\/\/drk-marbach-ov.de\/wp-content\/uploads\/2023\/01\/Zelck-Kurse-EH-Koeln2-QF-300x200.jpg 300w, https:\/\/drk-marbach-ov.de\/wp-content\/uploads\/2023\/01\/Zelck-Kurse-EH-Koeln2-QF-1024x682.jpg 1024w, https:\/\/drk-marbach-ov.de\/wp-content\/uploads\/2023\/01\/Zelck-Kurse-EH-Koeln2-QF-768x512.jpg 768w, https:\/\/drk-marbach-ov.de\/wp-content\/uploads\/2023\/01\/Zelck-Kurse-EH-Koeln2-QF-1536x1024.jpg 1536w\" sizes=\"(max-width: 1772px) 100vw, 1772px\" \/><\/a><\/figure><div class=\"elementor-image-box-content\"><h4 class=\"elementor-image-box-title\"><a href=\"https:\/\/drk-marbach-ov.de\/?page_id=318\">Erste Hilfe<\/a><\/h4><p class=\"elementor-image-box-description\">In unseren Erste-Hilfe-Kursen lernen Sie, wie Sie sich im Notfall richtig verhalten und Leben retten k\u00f6nnen.\n<\/br><\/br>\n<\/style><a href=\"\/?page_id=318\" style=\"color: #698caf\">> Weiterlesen<\/a><\/p><\/div><\/div>\t\t<\/div>\n\t\t\t\t<\/div>\n\t\t\t\t\t<\/div>\n\t\t<\/div>\n\t\t\t\t<div class=\"elementor-column elementor-col-33 elementor-top-column elementor-element elementor-element-d143eb4\" data-id=\"d143eb4\" data-element_type=\"column\">\n\t\t\t<div class=\"elementor-widget-wrap elementor-element-populated\">\n\t\t\t\t\t\t<div class=\"elementor-element elementor-element-ec0aa0f elementor-position-top elementor-widget elementor-widget-image-box\" data-id=\"ec0aa0f\" data-element_type=\"widget\" data-settings=\"{&quot;ekit_adv_tooltip_content&quot;:&quot;Foto: A. Zelck | DRK-Service GmbH&quot;,&quot;ekit_adv_tooltip_enable&quot;:&quot;yes&quot;,&quot;ekit_adv_tooltip_offset_x&quot;:80,&quot;ekit_we_effect_on&quot;:&quot;none&quot;,&quot;ekit_adv_tooltip_image&quot;:{&quot;url&quot;:&quot;&quot;,&quot;id&quot;:&quot;&quot;,&quot;size&quot;:&quot;&quot;},&quot;ekit_adv_tooltip_position&quot;:&quot;top&quot;,&quot;ekit_adv_tooltip_animation&quot;:&quot;fade&quot;,&quot;ekit_adv_tooltip_trigger&quot;:&quot;mouseenter&quot;,&quot;ekit_adv_tooltip_width&quot;:{&quot;unit&quot;:&quot;px&quot;,&quot;size&quot;:&quot;&quot;,&quot;sizes&quot;:[]}}\" data-widget_type=\"image-box.default\">\n\t\t\t\t<div class=\"elementor-widget-container\">\n\t\t\t<div class=\"elementor-image-box-wrapper\"><figure class=\"elementor-image-box-img\"><a href=\"https:\/\/drk-marbach-ov.de\/?page_id=39\" tabindex=\"-1\"><img decoding=\"async\" width=\"2560\" height=\"1707\" src=\"https:\/\/drk-marbach-ov.de\/wp-content\/uploads\/2022\/08\/12795__Zelck_-_Blutspende_Essen_2010__18__print_quality-scaled.jpg\" class=\"attachment-full size-full wp-image-222\" alt=\"\" srcset=\"https:\/\/drk-marbach-ov.de\/wp-content\/uploads\/2022\/08\/12795__Zelck_-_Blutspende_Essen_2010__18__print_quality-scaled.jpg 2560w, https:\/\/drk-marbach-ov.de\/wp-content\/uploads\/2022\/08\/12795__Zelck_-_Blutspende_Essen_2010__18__print_quality-300x200.jpg 300w, https:\/\/drk-marbach-ov.de\/wp-content\/uploads\/2022\/08\/12795__Zelck_-_Blutspende_Essen_2010__18__print_quality-1024x683.jpg 1024w, https:\/\/drk-marbach-ov.de\/wp-content\/uploads\/2022\/08\/12795__Zelck_-_Blutspende_Essen_2010__18__print_quality-768x512.jpg 768w, https:\/\/drk-marbach-ov.de\/wp-content\/uploads\/2022\/08\/12795__Zelck_-_Blutspende_Essen_2010__18__print_quality-1536x1024.jpg 1536w, https:\/\/drk-marbach-ov.de\/wp-content\/uploads\/2022\/08\/12795__Zelck_-_Blutspende_Essen_2010__18__print_quality-2048x1365.jpg 2048w\" sizes=\"(max-width: 2560px) 100vw, 2560px\" \/><\/a><\/figure><div class=\"elementor-image-box-content\"><h4 class=\"elementor-image-box-title\"><a href=\"https:\/\/drk-marbach-ov.de\/?page_id=39\">Blutspende<\/a><\/h4><p class=\"elementor-image-box-description\">T\u00e4glich werden in Deutschland ca. 15.000 Blutspenden ben\u00f6tigt. Die DRK-Blutspendedienste stellen die Versorgung sicher.\n<\/br><\/br>\n<\/style><a href=\"\/?page_id=39\" style=\"color: #698caf\">> Weiterlesen<\/a><\/p><\/div><\/div>\t\t<\/div>\n\t\t\t\t<\/div>\n\t\t\t\t\t<\/div>\n\t\t<\/div>\n\t\t\t\t\t<\/div>\n\t\t<\/section>\n\t\t\t\t<\/div>\n\t\t","protected":false},"excerpt":{"rendered":"<p>Herzlich Willkommen beim DRK-Ortsverein Marbach am Neckar! Der DRK-Ortsverein Marbach am Neckar hat eine lange Tradition. Schon seit 1947 engagieren sich Menschen in und um Marbach am Neckar f\u00fcr das Deutsche Rote Kreuz. Derzeit z\u00e4hlt unser Ortsverein \u00fcber 300 Mitglieder. Davon geh\u00f6ren 12 zu den aktiven Helfern und runde 300 zu den F\u00f6rderern. Wir engagieren [&hellip;]<\/p>\n","protected":false},"author":2,"featured_media":0,"parent":0,"menu_order":0,"comment_status":"closed","ping_status":"closed","template":"","meta":{"footnotes":""},"class_list":["post-33","page","type-page","status-publish","hentry"],"_links":{"self":[{"href":"https:\/\/drk-marbach-ov.de\/wp-json\/wp\/v2\/pages\/33","targetHints":{"allow":["GET"]}}],"collection":[{"href":"https:\/\/drk-marbach-ov.de\/wp-json\/wp\/v2\/pages"}],"about":[{"href":"https:\/\/drk-marbach-ov.de\/wp-json\/wp\/v2\/types\/page"}],"author":[{"embeddable":true,"href":"https:\/\/drk-marbach-ov.de\/wp-json\/wp\/v2\/users\/2"}],"replies":[{"embeddable":true,"href":"https:\/\/drk-marbach-ov.de\/wp-json\/wp\/v2\/comments?post=33"}],"version-history":[{"count":65,"href":"https:\/\/drk-marbach-ov.de\/wp-json\/wp\/v2\/pages\/33\/revisions"}],"predecessor-version":[{"id":1247,"href":"https:\/\/drk-marbach-ov.de\/wp-json\/wp\/v2\/pages\/33\/revisions\/1247"}],"wp:attachment":[{"href":"https:\/\/drk-marbach-ov.de\/wp-json\/wp\/v2\/media?parent=33"}],"curies":[{"name":"wp","href":"https:\/\/api.w.org\/{rel}","templated":true}]}}